{"id":18362,"date":"2024-01-23T13:00:37","date_gmt":"2024-01-23T13:00:37","guid":{"rendered":"http:\/\/www.ternateknik.com\/?page_id=18362"},"modified":"2024-02-13T15:55:52","modified_gmt":"2024-02-13T15:55:52","slug":"celikhane","status":"publish","type":"page","link":"https:\/\/www.ternateknik.com\/en\/celikhane\/","title":{"rendered":"Steel Melt Shop"},"content":{"rendered":"<div data-elementor-type=\"wp-page\" data-elementor-id=\"18362\" class=\"elementor elementor-18362\">\n\t\t\t\t\t\t<section class=\"elementor-section elementor-top-section elementor-element elementor-element-7981305 elementor-section-boxed elementor-section-height-default elementor-section-height-default sc_fly_static\" data-id=\"7981305\" data-element_type=\"section\">\n\t\t\t\t\t\t<div class=\"elementor-container elementor-column-gap-extended\">\n\t\t\t\t\t<div class=\"elementor-column elementor-col-100 elementor-top-column elementor-element elementor-element-c2def21 sc_inner_width_none sc_content_align_inherit sc_layouts_column_icons_position_left sc_fly_static\" data-id=\"c2def21\" data-element_type=\"column\">\n\t\t\t<div class=\"elementor-widget-wrap elementor-element-populated\">\n\t\t\t\t\t\t<div class=\"elementor-element elementor-element-766f028 sc_fly_static elementor-widget elementor-widget-trx_sc_services\" data-id=\"766f028\" data-element_type=\"widget\" data-widget_type=\"trx_sc_services.default\">\n\t\t\t\t<div class=\"elementor-widget-container\">\n\t\t\t<div class=\"sc_services sc_services_strong sc_services_featured_top\"><div class=\"sc_services_columns_wrap sc_item_columns sc_item_posts_container sc_item_columns_4 trx_addons_columns_wrap columns_padding_bottom\"><div class=\"trx_addons_column-1_4\"><div data-post-id=\"18480\" class=\"sc_services_item sc_item_container post_container without_content with_more with_image sc_services_item_featured_none post-18480 cpt_services type-cpt_services status-publish has-post-thumbnail hentry cpt_services_group-celikhane\">\n\t\t<div class=\"sc_services_item_content\" style=\"background-image: url(https:\/\/www.ternateknik.com\/wp-content\/uploads\/2024\/01\/refrakter-840x540.jpg);\">\n\t\t\t\t<div class=\"sc_services_item_content_inner\"><div class=\"sc_services_item_content_inner_bottom\">\n                <h6 class=\"sc_services_item_title\"><a href=\"https:\/\/www.ternateknik.com\/en\/urun\/refrektarler\/\">Refractories<\/a><\/h6>\n                <div class=\"sc_services_item_subtitle\"><a href=\"https:\/\/www.ternateknik.com\/en\/urun-kategori\/celikhane\/\" title=\"View all posts in \u00c7elikhane\">Steel Melt Shop<\/a><\/div><div class=\"sc_services_item_button sc_item_button\">\n                    <a href=\"https:\/\/www.ternateknik.com\/en\/urun\/refrektarler\/\" class=\"sc_services_item_more_link\">\n                        <span class=\"link_text\">Read more<\/span><span class=\"link_icon\"><\/span>\n                    <\/a>\n                    <\/div><\/div><\/div><a class=\"sc_services_item_link\" href=\"https:\/\/www.ternateknik.com\/en\/urun\/refrektarler\/\"><\/a><\/div><\/div><\/div><div class=\"trx_addons_column-1_4\"><div data-post-id=\"18499\" class=\"sc_services_item sc_item_container post_container without_content with_more with_image sc_services_item_featured_none post-18499 cpt_services type-cpt_services status-publish has-post-thumbnail hentry cpt_services_group-celikhane\">\n\t\t<div class=\"sc_services_item_content\" style=\"background-image: url(https:\/\/www.ternateknik.com\/wp-content\/uploads\/2024\/01\/Copper-mould-tubes-2-840x538.jpg);\">\n\t\t\t\t<div class=\"sc_services_item_content_inner\"><div class=\"sc_services_item_content_inner_bottom\">\n                <h6 class=\"sc_services_item_title\"><a href=\"https:\/\/www.ternateknik.com\/en\/urun\/bakir-kaliplar\/\">Copper Moulds<\/a><\/h6>\n                <div class=\"sc_services_item_subtitle\"><a href=\"https:\/\/www.ternateknik.com\/en\/urun-kategori\/celikhane\/\" title=\"View all posts in \u00c7elikhane\">Steel Melt Shop<\/a><\/div><div class=\"sc_services_item_button sc_item_button\">\n                    <a href=\"https:\/\/www.ternateknik.com\/en\/urun\/bakir-kaliplar\/\" class=\"sc_services_item_more_link\">\n                        <span class=\"link_text\">Read more<\/span><span class=\"link_icon\"><\/span>\n                    <\/a>\n                    <\/div><\/div><\/div><a class=\"sc_services_item_link\" href=\"https:\/\/www.ternateknik.com\/en\/urun\/bakir-kaliplar\/\"><\/a><\/div><\/div><\/div><div class=\"trx_addons_column-1_4\"><div data-post-id=\"18506\" class=\"sc_services_item sc_item_container post_container without_content with_more with_image sc_services_item_featured_none post-18506 cpt_services type-cpt_services status-publish has-post-thumbnail hentry cpt_services_group-celikhane\">\n\t\t<div class=\"sc_services_item_content\" style=\"background-image: url(https:\/\/www.ternateknik.com\/wp-content\/uploads\/2024\/01\/UHP-Grafite-electrode-2-840x571.jpg);\">\n\t\t\t\t<div class=\"sc_services_item_content_inner\"><div class=\"sc_services_item_content_inner_bottom\">\n                <h6 class=\"sc_services_item_title\"><a href=\"https:\/\/www.ternateknik.com\/en\/urun\/grafit-elektrodlar\/\">Graphite Electrodes<\/a><\/h6>\n                <div class=\"sc_services_item_subtitle\"><a href=\"https:\/\/www.ternateknik.com\/en\/urun-kategori\/celikhane\/\" title=\"View all posts in \u00c7elikhane\">Steel Melt Shop<\/a><\/div><div class=\"sc_services_item_button sc_item_button\">\n                    <a href=\"https:\/\/www.ternateknik.com\/en\/urun\/grafit-elektrodlar\/\" class=\"sc_services_item_more_link\">\n                        <span class=\"link_text\">Read more<\/span><span class=\"link_icon\"><\/span>\n                    <\/a>\n                    <\/div><\/div><\/div><a class=\"sc_services_item_link\" href=\"https:\/\/www.ternateknik.com\/en\/urun\/grafit-elektrodlar\/\"><\/a><\/div><\/div><\/div><div class=\"trx_addons_column-1_4\"><div data-post-id=\"18516\" class=\"sc_services_item sc_item_container post_container without_content with_more with_image sc_services_item_featured_none post-18516 cpt_services type-cpt_services status-publish has-post-thumbnail hentry cpt_services_group-celikhane\">\n\t\t<div class=\"sc_services_item_content\" style=\"background-image: url(https:\/\/www.ternateknik.com\/wp-content\/uploads\/2024\/01\/BILLET1_600X400.jpg);\">\n\t\t\t\t<div class=\"sc_services_item_content_inner\"><div class=\"sc_services_item_content_inner_bottom\">\n                <h6 class=\"sc_services_item_title\"><a href=\"https:\/\/www.ternateknik.com\/en\/urun\/markalama-sistemleri\/\">Marking Systems<\/a><\/h6>\n                <div class=\"sc_services_item_subtitle\"><a href=\"https:\/\/www.ternateknik.com\/en\/urun-kategori\/celikhane\/\" title=\"View all posts in \u00c7elikhane\">Steel Melt Shop<\/a><\/div><div class=\"sc_services_item_button sc_item_button\">\n                    <a href=\"https:\/\/www.ternateknik.com\/en\/urun\/markalama-sistemleri\/\" class=\"sc_services_item_more_link\">\n                        <span class=\"link_text\">Read more<\/span><span class=\"link_icon\"><\/span>\n                    <\/a>\n                    <\/div><\/div><\/div><a class=\"sc_services_item_link\" href=\"https:\/\/www.ternateknik.com\/en\/urun\/markalama-sistemleri\/\"><\/a><\/div><\/div><\/div><div class=\"trx_addons_column-1_4\"><div data-post-id=\"18696\" class=\"sc_services_item sc_item_container post_container without_content with_more with_image sc_services_item_featured_none post-18696 cpt_services type-cpt_services status-publish has-post-thumbnail hentry cpt_services_group-celikhane\">\n\t\t<div class=\"sc_services_item_content\" style=\"background-image: url(https:\/\/www.ternateknik.com\/wp-content\/uploads\/2024\/01\/Gaptor-1-600px-1-840x538.jpeg);\">\n\t\t\t\t<div class=\"sc_services_item_content_inner\"><div class=\"sc_services_item_content_inner_bottom\">\n                <h6 class=\"sc_services_item_title\"><a href=\"https:\/\/www.ternateknik.com\/en\/urun\/slab-segment-olcum-cihazi\/\">Slab Segment Measuring Device<\/a><\/h6>\n                <div class=\"sc_services_item_subtitle\"><a href=\"https:\/\/www.ternateknik.com\/en\/urun-kategori\/celikhane\/\" title=\"View all posts in \u00c7elikhane\">Steel Melt Shop<\/a><\/div><div class=\"sc_services_item_button sc_item_button\">\n                    <a href=\"https:\/\/www.ternateknik.com\/en\/urun\/slab-segment-olcum-cihazi\/\" class=\"sc_services_item_more_link\">\n                        <span class=\"link_text\">Read more<\/span><span class=\"link_icon\"><\/span>\n                    <\/a>\n                    <\/div><\/div><\/div><a class=\"sc_services_item_link\" href=\"https:\/\/www.ternateknik.com\/en\/urun\/slab-segment-olcum-cihazi\/\"><\/a><\/div><\/div><\/div><div class=\"trx_addons_column-1_4\"><div data-post-id=\"18903\" class=\"sc_services_item sc_item_container post_container without_content with_more with_image sc_services_item_featured_none post-18903 cpt_services type-cpt_services status-publish has-post-thumbnail hentry cpt_services_group-celikhane\">\n\t\t<div class=\"sc_services_item_content\" style=\"background-image: url(https:\/\/www.ternateknik.com\/wp-content\/uploads\/2024\/02\/CCMEkipmanlarc16-840x473.jpg);\">\n\t\t\t\t<div class=\"sc_services_item_content_inner\"><div class=\"sc_services_item_content_inner_bottom\">\n                <h6 class=\"sc_services_item_title\"><a href=\"https:\/\/www.ternateknik.com\/en\/urun\/ccm-ekipmanlari\/\">CCM Equipment<\/a><\/h6>\n                <div class=\"sc_services_item_subtitle\"><a href=\"https:\/\/www.ternateknik.com\/en\/urun-kategori\/celikhane\/\" title=\"View all posts in \u00c7elikhane\">Steel Melt Shop<\/a><\/div><div class=\"sc_services_item_button sc_item_button\">\n                    <a href=\"https:\/\/www.ternateknik.com\/en\/urun\/ccm-ekipmanlari\/\" class=\"sc_services_item_more_link\">\n                        <span class=\"link_text\">Read more<\/span><span class=\"link_icon\"><\/span>\n                    <\/a>\n                    <\/div><\/div><\/div><a class=\"sc_services_item_link\" href=\"https:\/\/www.ternateknik.com\/en\/urun\/ccm-ekipmanlari\/\"><\/a><\/div><\/div><\/div><div class=\"trx_addons_column-1_4\"><div data-post-id=\"18902\" class=\"sc_services_item sc_item_container post_container without_content with_more with_image sc_services_item_featured_none post-18902 cpt_services type-cpt_services status-publish has-post-thumbnail hentry cpt_services_group-celikhane\">\n\t\t<div class=\"sc_services_item_content\" style=\"background-image: url(https:\/\/www.ternateknik.com\/wp-content\/uploads\/2024\/02\/KAtAkSlab34-840x473.jpg);\">\n\t\t\t\t<div class=\"sc_services_item_content_inner\"><div class=\"sc_services_item_content_inner_bottom\">\n                <h6 class=\"sc_services_item_title\"><a href=\"https:\/\/www.ternateknik.com\/en\/urun\/kutuk-slab-induksiyon-isitma-sistemleri\/\">Billet\/Slab Induction Heating Systems<\/a><\/h6>\n                <div class=\"sc_services_item_subtitle\"><a href=\"https:\/\/www.ternateknik.com\/en\/urun-kategori\/celikhane\/\" title=\"View all posts in \u00c7elikhane\">Steel Melt Shop<\/a><\/div><div class=\"sc_services_item_button sc_item_button\">\n                    <a href=\"https:\/\/www.ternateknik.com\/en\/urun\/kutuk-slab-induksiyon-isitma-sistemleri\/\" class=\"sc_services_item_more_link\">\n                        <span class=\"link_text\">Read more<\/span><span class=\"link_icon\"><\/span>\n                    <\/a>\n                    <\/div><\/div><\/div><a class=\"sc_services_item_link\" href=\"https:\/\/www.ternateknik.com\/en\/urun\/kutuk-slab-induksiyon-isitma-sistemleri\/\"><\/a><\/div><\/div><\/div><\/div><\/div>\t\t<\/div>\n\t\t\t\t<\/div>\n\t\t\t\t\t<\/div>\n\t\t<\/div>\n\t\t\t\t\t<\/div>\n\t\t<\/section>\n\t\t\t\t<\/div>","protected":false},"excerpt":{"rendered":"<p>Refrektarler \u00c7elikhane Read more Bak\u0131r Kal\u0131plar \u00c7elikhane Read more Grafit Elektrodlar \u00c7elikhane Read more Markalama Sistemleri \u00c7elikhane Read more CCM Ekipmanlar\u0131 \u00c7elikhane Read more K\u00fct\u00fck\/Slab \u0130nd\u00fcksiyon Is\u0131tma Sistemleri \u00c7elikhane Read&hellip;<\/p>","protected":false},"author":1,"featured_media":18829,"parent":0,"menu_order":0,"comment_status":"closed","ping_status":"closed","template":"","meta":{"footnotes":""},"_links":{"self":[{"href":"https:\/\/www.ternateknik.com\/en\/wp-json\/wp\/v2\/pages\/18362"}],"collection":[{"href":"https:\/\/www.ternateknik.com\/en\/wp-json\/wp\/v2\/pages"}],"about":[{"href":"https:\/\/www.ternateknik.com\/en\/wp-json\/wp\/v2\/types\/page"}],"author":[{"embeddable":true,"href":"https:\/\/www.ternateknik.com\/en\/wp-json\/wp\/v2\/users\/1"}],"replies":[{"embeddable":true,"href":"https:\/\/www.ternateknik.com\/en\/wp-json\/wp\/v2\/comments?post=18362"}],"version-history":[{"count":13,"href":"https:\/\/www.ternateknik.com\/en\/wp-json\/wp\/v2\/pages\/18362\/revisions"}],"predecessor-version":[{"id":18922,"href":"https:\/\/www.ternateknik.com\/en\/wp-json\/wp\/v2\/pages\/18362\/revisions\/18922"}],"wp:featuredmedia":[{"embeddable":true,"href":"https:\/\/www.ternateknik.com\/en\/wp-json\/wp\/v2\/media\/18829"}],"wp:attachment":[{"href":"https:\/\/www.ternateknik.com\/en\/wp-json\/wp\/v2\/media?parent=18362"}],"curies":[{"name":"wp","href":"https:\/\/api.w.org\/{rel}","templated":true}]}}