{"id":3750,"date":"2020-05-26T12:53:00","date_gmt":"2020-05-26T12:53:00","guid":{"rendered":"http:\/\/www.ternateknik.com\/?page_id=3750"},"modified":"2024-03-15T13:15:48","modified_gmt":"2024-03-15T13:15:48","slug":"hakkimizda","status":"publish","type":"page","link":"https:\/\/www.ternateknik.com\/en\/hakkimizda\/","title":{"rendered":"about us"},"content":{"rendered":"<div data-elementor-type=\"wp-page\" data-elementor-id=\"3750\" class=\"elementor elementor-3750\">\n\t\t\t\t\t\t<section class=\"elementor-section elementor-top-section elementor-element elementor-element-00a2060 elementor-section-boxed elementor-section-height-default elementor-section-height-default sc_fly_static\" data-id=\"00a2060\" data-element_type=\"section\">\n\t\t\t\t\t\t<div class=\"elementor-container elementor-column-gap-extended\">\n\t\t\t\t\t<div class=\"elementor-column elementor-col-100 elementor-top-column elementor-element elementor-element-5eb5aa5 sc_inner_width_none sc_content_align_inherit sc_layouts_column_icons_position_left sc_fly_static\" data-id=\"5eb5aa5\" data-element_type=\"column\">\n\t\t\t<div class=\"elementor-widget-wrap elementor-element-populated\">\n\t\t\t\t\t\t<div class=\"elementor-element elementor-element-62b388c sc_height_huge sc_fly_static elementor-widget elementor-widget-spacer\" data-id=\"62b388c\" data-element_type=\"widget\" data-widget_type=\"spacer.default\">\n\t\t\t\t<div class=\"elementor-widget-container\">\n\t\t\t\t\t<div class=\"elementor-spacer\">\n\t\t\t<div class=\"elementor-spacer-inner\"><\/div>\n\t\t<\/div>\n\t\t\t\t<\/div>\n\t\t\t\t<\/div>\n\t\t\t\t\t<\/div>\n\t\t<\/div>\n\t\t\t\t\t<\/div>\n\t\t<\/section>\n\t\t\t\t<section class=\"elementor-section elementor-top-section elementor-element elementor-element-26dc149 elementor-section-content-middle elementor-section-boxed elementor-section-height-default elementor-section-height-default sc_fly_static\" data-id=\"26dc149\" data-element_type=\"section\">\n\t\t\t\t\t\t<div class=\"elementor-container elementor-column-gap-extended\">\n\t\t\t\t\t<div class=\"elementor-column elementor-col-50 elementor-top-column elementor-element elementor-element-b8e8b93 sc_inner_width_none sc_content_align_inherit sc_layouts_column_icons_position_left sc_fly_static\" data-id=\"b8e8b93\" data-element_type=\"column\">\n\t\t\t<div class=\"elementor-widget-wrap elementor-element-populated\">\n\t\t\t\t\t\t<div class=\"elementor-element elementor-element-c9c5c0d sc_fly_static elementor-widget elementor-widget-trx_sc_title\" data-id=\"c9c5c0d\" data-element_type=\"widget\" data-widget_type=\"trx_sc_title.default\">\n\t\t\t\t<div class=\"elementor-widget-container\">\n\t\t\t<div\t\tclass=\"sc_title sc_title_default\" ><h1 class=\"sc_item_title sc_title_title sc_item_title_style_default sc_item_title_tag\"\n\t\t\t><span class=\"sc_item_title_text\">about us<\/span><\/h1><\/div>\t\t<\/div>\n\t\t\t\t<\/div>\n\t\t\t\t<div class=\"elementor-element elementor-element-d5ca560 sc_height_small sc_fly_static elementor-widget elementor-widget-spacer\" data-id=\"d5ca560\" data-element_type=\"widget\" data-widget_type=\"spacer.default\">\n\t\t\t\t<div class=\"elementor-widget-container\">\n\t\t\t\t\t<div class=\"elementor-spacer\">\n\t\t\t<div class=\"elementor-spacer-inner\"><\/div>\n\t\t<\/div>\n\t\t\t\t<\/div>\n\t\t\t\t<\/div>\n\t\t\t\t<div class=\"elementor-element elementor-element-727abf5 sc_fly_static elementor-widget elementor-widget-text-editor\" data-id=\"727abf5\" data-element_type=\"widget\" data-widget_type=\"text-editor.default\">\n\t\t\t\t<div class=\"elementor-widget-container\">\n\t\t\t\t\t\t\t<p>As Terna Teknik Dan\u0131\u015fmanl\u0131k Ltd.\u015eti., we are working for certain product groups in the Iron and Steel sector, especially Steel Melt Shop \/ Rolling Mill.We are expanding our product portfolio day by day.<\/p><p>D\u00fcnyan\u0131n \u00e7e\u015fitli yerlerindeki \u00fcretici firmalar\u0131n temsilcili\u011fini yapmaktay\u0131z.&#8217;<\/p><p>In addition to sales activities, our company also provides consultancy, rolling mill \/ steel melt shop revision and project services.<\/p>\t\t\t\t\t\t<\/div>\n\t\t\t\t<\/div>\n\t\t\t\t<div class=\"elementor-element elementor-element-909b3f1 sc_height_small sc_fly_static elementor-widget elementor-widget-spacer\" data-id=\"909b3f1\" data-element_type=\"widget\" data-widget_type=\"spacer.default\">\n\t\t\t\t<div class=\"elementor-widget-container\">\n\t\t\t\t\t<div class=\"elementor-spacer\">\n\t\t\t<div class=\"elementor-spacer-inner\"><\/div>\n\t\t<\/div>\n\t\t\t\t<\/div>\n\t\t\t\t<\/div>\n\t\t\t\t\t<\/div>\n\t\t<\/div>\n\t\t\t\t<div class=\"elementor-column elementor-col-50 elementor-top-column elementor-element elementor-element-b6a8fe2 sc_inner_width_none sc_content_align_inherit sc_layouts_column_icons_position_left sc_fly_static\" data-id=\"b6a8fe2\" data-element_type=\"column\">\n\t\t\t<div class=\"elementor-widget-wrap elementor-element-populated\">\n\t\t\t\t\t\t<div class=\"elementor-element elementor-element-972c406 sc_height_small sc_fly_static elementor-widget elementor-widget-spacer\" data-id=\"972c406\" data-element_type=\"widget\" data-widget_type=\"spacer.default\">\n\t\t\t\t<div class=\"elementor-widget-container\">\n\t\t\t\t\t<div class=\"elementor-spacer\">\n\t\t\t<div class=\"elementor-spacer-inner\"><\/div>\n\t\t<\/div>\n\t\t\t\t<\/div>\n\t\t\t\t<\/div>\n\t\t\t\t<div class=\"elementor-element elementor-element-34d76de sc_fly_static elementor-widget elementor-widget-image\" data-id=\"34d76de\" data-element_type=\"widget\" data-widget_type=\"image.default\">\n\t\t\t\t<div class=\"elementor-widget-container\">\n\t\t\t\t\t\t\t\t\t\t\t\t\t<img fetchpriority=\"high\" decoding=\"async\" width=\"568\" height=\"664\" src=\"https:\/\/www.ternateknik.com\/wp-content\/uploads\/2024\/01\/f32b93a025.jpg\" class=\"attachment-large size-large wp-image-18772\" alt=\"\" srcset=\"https:\/\/www.ternateknik.com\/wp-content\/uploads\/2024\/01\/f32b93a025.jpg 568w, https:\/\/www.ternateknik.com\/wp-content\/uploads\/2024\/01\/f32b93a025-257x300.jpg 257w, https:\/\/www.ternateknik.com\/wp-content\/uploads\/2024\/01\/f32b93a025-10x12.jpg 10w, https:\/\/www.ternateknik.com\/wp-content\/uploads\/2024\/01\/f32b93a025-370x433.jpg 370w, https:\/\/www.ternateknik.com\/wp-content\/uploads\/2024\/01\/f32b93a025-410x479.jpg 410w\" sizes=\"(max-width: 600px) 100vw, 568px\" \/>\t\t\t\t\t\t\t\t\t\t\t\t\t<\/div>\n\t\t\t\t<\/div>\n\t\t\t\t<div class=\"elementor-element elementor-element-0ee2b2f sc_height_small sc_fly_static elementor-widget elementor-widget-spacer\" data-id=\"0ee2b2f\" data-element_type=\"widget\" data-widget_type=\"spacer.default\">\n\t\t\t\t<div class=\"elementor-widget-container\">\n\t\t\t\t\t<div class=\"elementor-spacer\">\n\t\t\t<div class=\"elementor-spacer-inner\"><\/div>\n\t\t<\/div>\n\t\t\t\t<\/div>\n\t\t\t\t<\/div>\n\t\t\t\t\t<\/div>\n\t\t<\/div>\n\t\t\t\t\t<\/div>\n\t\t<\/section>\n\t\t\t\t<section class=\"elementor-section elementor-top-section elementor-element elementor-element-9d3bb36 elementor-section-boxed elementor-section-height-default elementor-section-height-default sc_fly_static\" data-id=\"9d3bb36\" data-element_type=\"section\">\n\t\t\t\t\t\t<div class=\"elementor-container elementor-column-gap-extended\">\n\t\t\t\t\t<div class=\"elementor-column elementor-col-100 elementor-top-column elementor-element elementor-element-94059ff sc_inner_width_none sc_content_align_inherit sc_layouts_column_icons_position_left sc_fly_static\" data-id=\"94059ff\" data-element_type=\"column\">\n\t\t\t<div class=\"elementor-widget-wrap elementor-element-populated\">\n\t\t\t\t\t\t<div class=\"elementor-element elementor-element-8dd3d38 sc_fly_static elementor-widget elementor-widget-trx_sc_icons\" data-id=\"8dd3d38\" data-element_type=\"widget\" data-widget_type=\"trx_sc_icons.default\">\n\t\t\t\t<div class=\"elementor-widget-container\">\n\t\t\t<div \tclass=\"sc_icons sc_icons_card sc_icons_size_medium sc_align_center\" ><div class=\"sc_icons_columns_wrap sc_item_columns trx_addons_columns_wrap columns_padding_bottom columns_in_single_row\" ><div class=\"trx_addons_column-1_2\"><div class=\"sc_icons_item\"><div class=\"sc_icons_icon sc_icon_type_svg\" ><svg xmlns=\"http:\/\/www.w3.org\/2000\/svg\" xmlns:xlink=\"http:\/\/www.w3.org\/1999\/xlink\" id=\"IDEA\" width=\"800px\" height=\"800px\" viewbox=\"0 0 1800 1800\" xml:space=\"preserve\" fill=\"#000000\"><g id=\"SVGRepo_bgCarrier\" stroke-width=\"0\"><\/g><g id=\"SVGRepo_tracerCarrier\" stroke-linecap=\"round\" stroke-linejoin=\"round\"><\/g><g id=\"SVGRepo_iconCarrier\"> <g> <path fill=\"#24448c\" d=\"M900.114,54.882c-329.509,0-597.583,268.077-597.583,597.59c0,219.592,118.159,418.518,309.714,523.794 v152.835h-0.127v122.121h-0.172v185.238h172.682c3.58,60.518,53.924,108.656,115.315,108.656 c61.39,0,111.736-48.139,115.31-108.656h172.571v-122.122h0.177v-185.237h-0.019v-152.835 c191.557-105.276,309.715-304.203,309.715-523.794C1497.697,322.959,1229.623,54.882,900.114,54.882z M675.235,1392.218h449.649 v59.005H675.235V1392.218z M899.943,1682.002c-29.441,0-48.627-22.507-51.876-45.541h103.788 C948.464,1662.119,926.504,1682.002,899.943,1682.002z M1124.708,1573.344H675.063v-59.005h449.645V1573.344z M1142.116,1129.132 l-17.25,8.778v189.457H931.559V861l187.201-187.21c12.323-12.323,12.323-32.302-0.005-44.63 c-12.318-12.318-32.302-12.323-44.629,0.004L900,803.299L725.875,629.165c-12.323-12.323-32.307-12.328-44.63-0.004 c-12.328,12.328-12.328,32.307-0.005,44.63L868.441,861v466.367H675.362V1137.91l-17.249-8.778 c-180.4-91.778-292.465-274.427-292.465-476.66c0-294.71,239.761-534.471,534.466-534.471 c294.706,0,534.466,239.761,534.466,534.471C1434.58,854.705,1322.516,1037.354,1142.116,1129.132z\"><\/path> <path fill=\"#24448c\" d=\"M1066.667,246.225c-17.43,0-31.558,14.128-31.558,31.559s14.128,31.558,31.558,31.558 c49.641,0,165.99,59.634,165.99,175.279c0,17.431,14.128,31.559,31.558,31.559c17.431,0,31.559-14.128,31.559-31.559 C1295.773,328.101,1146.624,246.225,1066.667,246.225z\"><\/path> <path fill=\"#24448c\" d=\"M209.331,712.881c0-17.43-14.128-31.558-31.558-31.558H34.686c-17.43,0-31.558,14.128-31.558,31.558 s14.128,31.558,31.558,31.558h143.087C195.203,744.439,209.331,730.312,209.331,712.881z\"><\/path> <path fill=\"#24448c\" d=\"M220.157,300.096c6.164,6.163,14.239,9.245,22.317,9.245c8.075,0,16.153-3.082,22.313-9.241 c12.328-12.328,12.328-32.307,0.004-44.629L163.623,154.297c-12.318-12.319-32.303-12.323-44.63-0.004 c-12.327,12.327-12.327,32.307-0.004,44.63L220.157,300.096z\"><\/path> <path fill=\"#24448c\" d=\"M220.17,1125.662l-101.178,101.174c-12.327,12.327-12.327,32.307-0.004,44.634 c6.164,6.164,14.238,9.246,22.317,9.246c8.074,0,16.153-3.082,22.312-9.246l101.179-101.173 c12.327-12.327,12.327-32.307,0.004-44.625C252.478,1113.344,232.493,1113.344,220.17,1125.662z\"><\/path> <path fill=\"#24448c\" d=\"M1765.314,681.323h-143.083c-17.43,0-31.559,14.128-31.559,31.558s14.129,31.558,31.559,31.558h143.083 c17.43,0,31.558-14.128,31.558-31.558S1782.744,681.323,1765.314,681.323z\"><\/path> <path fill=\"#24448c\" d=\"M1557.521,309.341c8.074,0,16.153-3.082,22.316-9.241l101.174-101.173 c12.322-12.327,12.322-32.307,0-44.634c-12.328-12.319-32.307-12.319-44.635,0l-101.173,101.173 c-12.323,12.328-12.323,32.307,0,44.634C1541.368,306.259,1549.447,309.341,1557.521,309.341z\"><\/path> <path fill=\"#24448c\" d=\"M1579.829,1125.662c-12.318-12.318-32.302-12.318-44.63,0.01c-12.323,12.318-12.323,32.298,0.005,44.625 l101.178,101.173c6.159,6.164,14.238,9.246,22.312,9.246c8.075,0,16.154-3.082,22.318-9.246 c12.322-12.327,12.322-32.307-0.005-44.634L1579.829,1125.662z\"><\/path> <\/g> <\/g><\/svg><\/div><div class=\"sc_icons_item_details\"><h4 class=\"sc_icons_item_title\"><span>OUR VISION<\/span><\/h4><div class=\"sc_icons_item_description\"><span>To add measurable and sustainable value to your company, projects and investments by contributing to the growth of the country's production and economy with the engineering experience gained over a long period of time in the sector.<\/span><\/div><\/div><\/div><\/div><div class=\"trx_addons_column-1_2\"><div class=\"sc_icons_item\"><div class=\"sc_icons_icon sc_icon_type_svg\" ><svg xmlns=\"http:\/\/www.w3.org\/2000\/svg\" xmlns:xlink=\"http:\/\/www.w3.org\/1999\/xlink\" width=\"800px\" height=\"800px\" viewbox=\"0 0 60 60\" fill=\"#000000\"><g id=\"SVGRepo_bgCarrier\" stroke-width=\"0\"><\/g><g id=\"SVGRepo_tracerCarrier\" stroke-linecap=\"round\" stroke-linejoin=\"round\"><\/g><g id=\"SVGRepo_iconCarrier\"><title>target<\/title><desc>Created with Sketch.<\/desc><defs> <\/defs><g id=\"People\" stroke=\"none\" stroke-width=\"1\" fill=\"none\" fill-rule=\"evenodd\"><g id=\"Icon-14\" fill=\"#24448C\"><path d=\"M10,10 L7.414,10 L3.414,6 L5,6 C5.553,6 6,5.552 6,5 L6,3.414 L10,7.414 L10,10 Z M30,0 C23.354,0 16.914,2.216 11.677,6.263 L5.707,0.293 C5.421,0.007 4.991,-0.077 4.617,0.076 C4.243,0.231 4,0.596 4,1 L4,4 L1,4 C0.596,4 0.23,4.244 0.076,4.617 C-0.079,4.991 0.007,5.421 0.293,5.707 L6.293,11.707 C6.48,11.895 6.734,12 7,12 L10.586,12 L29.293,30.707 C29.488,30.902 29.744,31 30,31 C30.256,31 30.512,30.902 30.707,30.707 C31.098,30.316 31.098,29.684 30.707,29.293 L27.94,26.527 C28.522,26.187 29.205,26 30,26 C32.206,26 34,27.794 34,30 C34,32.206 32.206,34 30,34 C27.794,34 26,32.206 26,30 C26,29.448 25.553,29 25,29 C24.447,29 24,29.448 24,30 C24,33.309 26.691,36 30,36 C33.309,36 36,33.309 36,30 C36,26.691 33.309,24 30,24 C28.655,24 27.462,24.372 26.488,25.074 L22.256,20.842 C24.42,19.007 27.131,18 30,18 C36.617,18 42,23.383 42,30 C42,36.617 36.617,42 30,42 C23.383,42 18,36.617 18,30 C18,28.181 18.41,26.417 19.219,24.759 C19.461,24.262 19.255,23.664 18.759,23.421 C18.261,23.179 17.663,23.387 17.422,23.882 C16.479,25.816 16,27.874 16,30 C16,37.72 22.28,44 30,44 C37.72,44 44,37.72 44,30 C44,22.28 37.72,16 30,16 C26.597,16 23.387,17.218 20.842,19.428 L16.601,15.187 C20.285,11.848 24.997,10 30,10 C41.028,10 50,18.972 50,30 C50,41.028 41.028,50 30,50 C18.972,50 10,41.028 10,30 C10,26.085 11.141,22.286 13.298,19.013 C13.602,18.552 13.475,17.932 13.014,17.628 C12.551,17.324 11.932,17.453 11.628,17.913 C9.255,21.513 8,25.693 8,30 C8,42.131 17.869,52 30,52 C42.131,52 52,42.131 52,30 C52,17.869 42.131,8 30,8 C24.463,8 19.251,10.057 15.187,13.773 L12,10.586 L12,8.57 C17.04,4.333 23.411,2 30,2 C45.439,2 58,14.561 58,30 C58,45.439 45.439,58 30,58 C14.561,58 2,45.439 2,30 C2,24.707 3.488,19.551 6.305,15.09 C6.6,14.624 6.46,14.006 5.993,13.711 C5.525,13.417 4.909,13.557 4.613,14.023 C1.596,18.803 -1.21569421e-14,24.328 -1.21569421e-14,30 C-1.21569421e-14,46.542 13.458,60 30,60 C46.542,60 60,46.542 60,30 C60,13.458 46.542,0 30,0 L30,0 Z\" id=\"target\"> <\/path><\/g><\/g><\/g><\/svg><\/div><div class=\"sc_icons_item_details\"><h4 class=\"sc_icons_item_title\"><span>OUR MISSION<\/span><\/h4><div class=\"sc_icons_item_description\"><span>To provide accurate, reliable and ethical, solution-oriented consultancy services with our expert cadre.<\/span><\/div><\/div><\/div><\/div><\/div><\/div><!-- \/.sc_icons -->\t\t<\/div>\n\t\t\t\t<\/div>\n\t\t\t\t\t<\/div>\n\t\t<\/div>\n\t\t\t\t\t<\/div>\n\t\t<\/section>\n\t\t\t\t<section class=\"elementor-section elementor-top-section elementor-element elementor-element-6bfb4a8 elementor-section-boxed elementor-section-height-default elementor-section-height-default sc_fly_static\" data-id=\"6bfb4a8\" data-element_type=\"section\" data-settings=\"{&quot;background_background&quot;:&quot;classic&quot;}\">\n\t\t\t\t\t\t<div class=\"elementor-container elementor-column-gap-extended\">\n\t\t\t\t\t<div class=\"elementor-column elementor-col-100 elementor-top-column elementor-element elementor-element-1e75957 sc_inner_width_none sc_content_align_inherit sc_layouts_column_icons_position_left sc_fly_static\" data-id=\"1e75957\" data-element_type=\"column\">\n\t\t\t<div class=\"elementor-widget-wrap elementor-element-populated\">\n\t\t\t\t\t\t<div class=\"elementor-element elementor-element-e047527 sc_height_huge sc_fly_static elementor-widget elementor-widget-spacer\" data-id=\"e047527\" data-element_type=\"widget\" data-widget_type=\"spacer.default\">\n\t\t\t\t<div class=\"elementor-widget-container\">\n\t\t\t\t\t<div class=\"elementor-spacer\">\n\t\t\t<div class=\"elementor-spacer-inner\"><\/div>\n\t\t<\/div>\n\t\t\t\t<\/div>\n\t\t\t\t<\/div>\n\t\t\t\t\t<\/div>\n\t\t<\/div>\n\t\t\t\t\t<\/div>\n\t\t<\/section>\n\t\t\t\t<\/div>","protected":false},"excerpt":{"rendered":"<p>Hakk\u0131m\u0131zda Terna Teknik Dan\u0131\u015fmanl\u0131k Ltd.\u015eti. olarak Demir \u00c7elik sekt\u00f6r\u00fcnde \u00c7elikhane\/Haddehane ba\u015fta olmak \u00fczere belirli \u00fcr\u00fcn gruplar\u0131 i\u00e7in \u00e7al\u0131\u015fmakta ve \u00fcr\u00fcn portf\u00f6y\u00fcm\u00fcz\u00fc geni\u015fletmekteyiz. D\u00fcnyan\u0131n \u00e7e\u015fitli yerlerindeki \u00fcretici firmalar\u0131n temsilcili\u011fini yapmaktay\u0131z.&#8217; Firmam\u0131z&hellip;<\/p>","protected":false},"author":1,"featured_media":0,"parent":0,"menu_order":0,"comment_status":"closed","ping_status":"closed","template":"","meta":{"footnotes":""},"_links":{"self":[{"href":"https:\/\/www.ternateknik.com\/en\/wp-json\/wp\/v2\/pages\/3750"}],"collection":[{"href":"https:\/\/www.ternateknik.com\/en\/wp-json\/wp\/v2\/pages"}],"about":[{"href":"https:\/\/www.ternateknik.com\/en\/wp-json\/wp\/v2\/types\/page"}],"author":[{"embeddable":true,"href":"https:\/\/www.ternateknik.com\/en\/wp-json\/wp\/v2\/users\/1"}],"replies":[{"embeddable":true,"href":"https:\/\/www.ternateknik.com\/en\/wp-json\/wp\/v2\/comments?post=3750"}],"version-history":[{"count":34,"href":"https:\/\/www.ternateknik.com\/en\/wp-json\/wp\/v2\/pages\/3750\/revisions"}],"predecessor-version":[{"id":19027,"href":"https:\/\/www.ternateknik.com\/en\/wp-json\/wp\/v2\/pages\/3750\/revisions\/19027"}],"wp:attachment":[{"href":"https:\/\/www.ternateknik.com\/en\/wp-json\/wp\/v2\/media?parent=3750"}],"curies":[{"name":"wp","href":"https:\/\/api.w.org\/{rel}","templated":true}]}}